{"id":3221,"date":"2025-02-12T13:00:55","date_gmt":"2025-02-12T12:00:55","guid":{"rendered":"https:\/\/experiences.golazo.com\/a-propos-de-nous\/"},"modified":"2025-05-09T09:31:02","modified_gmt":"2025-05-09T07:31:02","slug":"a-propos-de-nous","status":"publish","type":"page","link":"https:\/\/experiences.golazo.com\/fr\/a-propos-de-nous\/","title":{"rendered":"A propos de nous"},"content":{"rendered":"\t\t<div data-elementor-type=\"wp-page\" data-elementor-id=\"3221\" class=\"elementor elementor-3221 elementor-109\" data-elementor-post-type=\"page\">\n\t\t\t\t<div class=\"elementor-element elementor-element-443f68f e-flex e-con-boxed e-con e-parent\" data-id=\"443f68f\" data-element_type=\"container\" data-e-type=\"container\" data-settings=\"{&quot;background_background&quot;:&quot;classic&quot;}\">\n\t\t\t\t\t<div class=\"e-con-inner\">\n\t\t\t\t<div class=\"elementor-element elementor-element-729fa07 elementor-widget elementor-widget-heading\" data-id=\"729fa07\" data-element_type=\"widget\" data-e-type=\"widget\" data-widget_type=\"heading.default\">\n\t\t\t\t<div class=\"elementor-widget-container\">\n\t\t\t\t\t<h1 class=\"elementor-heading-title elementor-size-default\">A propos de nous<\/h1>\t\t\t\t<\/div>\n\t\t\t\t<\/div>\n\t\t\t\t\t<\/div>\n\t\t\t\t<\/div>\n\t\t<div class=\"elementor-element elementor-element-1ce7e7e e-flex e-con-boxed e-con e-parent\" data-id=\"1ce7e7e\" data-element_type=\"container\" data-e-type=\"container\">\n\t\t\t\t\t<div class=\"e-con-inner\">\n\t\t\t\t<div class=\"elementor-element elementor-element-84f1ada elementor-widget elementor-widget-text-editor\" data-id=\"84f1ada\" data-element_type=\"widget\" data-e-type=\"widget\" data-widget_type=\"text-editor.default\">\n\t\t\t\t<div class=\"elementor-widget-container\">\n\t\t\t\t\t\t\t\t\t<p>Nous sommes Golazo Experiences, anciennement Gracias.  <\/p><p>Vos clients et vos employ\u00e9s sont le capital humain de votre entreprise.<\/p><p>La m\u00eame r\u00e8gle s&rsquo;applique dans les deux cas : faire preuve de gratitude et \u00e9tablir un lien personnel permet d&rsquo;accro\u00eetre la loyaut\u00e9 et l&rsquo;engagement.<\/p><p>Gracias vous aide \u00e0 dire \u00ab\u00a0Merci\u00a0\u00bb de la mani\u00e8re la plus sp\u00e9ciale qui soit.<br>Ce n&rsquo;est pas une bouteille de bulles ou une bo\u00eete de chocolats, mais le fait de partager des \u00e9motions et de vivre des moments historiques ensemble qui constitue l&rsquo;ultime remerciement qui fait toute la diff\u00e9rence.<\/p><p>Que vous choisissiez un match de football passionnant, l&rsquo;arriv\u00e9e d&rsquo;une course cycliste h\u00e9ro\u00efque d\u00e9cid\u00e9e sur la ligne d&rsquo;arriv\u00e9e, Nafi Thiam envo\u00fbtant le Stade Roi Baudouin ou la prestation exclusive d&rsquo;une star mondiale, Gracias a tout pr\u00e9vu, \u00e0 vous de choisir \u00ab\u00a0The ultimate thank you\u00a0\u00bb !<\/p><p>Si vous n&rsquo;optez pas pour l&rsquo;un de nos nombreux forfaits VIP tout compris, mais pr\u00e9f\u00e9rez vous lancer dans un \u00e9v\u00e9nement priv\u00e9, un teambuilding, un incentive \u00e0 l&rsquo;\u00e9tranger ou un stage sportif avec, par exemple, Evi Van Acker ou Sven Nys, vous choisissez avec Gracias un partenaire qui dispose du savoir-faire n\u00e9cessaire pour cr\u00e9er un concept qui impressionnera chaque collaborateur ou client.<\/p>\t\t\t\t\t\t\t\t<\/div>\n\t\t\t\t<\/div>\n\t\t<div class=\"elementor-element elementor-element-884edcf e-con-full e-flex e-con e-child\" data-id=\"884edcf\" data-element_type=\"container\" data-e-type=\"container\">\n\t\t\t\t<div class=\"elementor-element elementor-element-039d9dc elementor-widget elementor-widget-button\" data-id=\"039d9dc\" data-element_type=\"widget\" data-e-type=\"widget\" data-widget_type=\"button.default\">\n\t\t\t\t<div class=\"elementor-widget-container\">\n\t\t\t\t\t\t\t\t\t<div class=\"elementor-button-wrapper\">\n\t\t\t\t\t<a class=\"elementor-button elementor-button-link elementor-size-sm\" href=\"https:\/\/www.golazo.com\/we-are-golazo\/?e-filter-c3b95f8-team_categories=golazo-experiences\" target=\"_blank\">\n\t\t\t\t\t\t<span class=\"elementor-button-content-wrapper\">\n\t\t\t\t\t\t\t\t\t<span class=\"elementor-button-text\">Notre \u00e9quipe<\/span>\n\t\t\t\t\t<\/span>\n\t\t\t\t\t<\/a>\n\t\t\t\t<\/div>\n\t\t\t\t\t\t\t\t<\/div>\n\t\t\t\t<\/div>\n\t\t\t\t<div class=\"elementor-element elementor-element-3a20a98 elementor-widget elementor-widget-button\" data-id=\"3a20a98\" data-element_type=\"widget\" data-e-type=\"widget\" data-widget_type=\"button.default\">\n\t\t\t\t<div class=\"elementor-widget-container\">\n\t\t\t\t\t\t\t\t\t<div class=\"elementor-button-wrapper\">\n\t\t\t\t\t<a class=\"elementor-button elementor-button-link elementor-size-sm\" href=\"https:\/\/experiences.golazo.com\/eventlocaties\/\">\n\t\t\t\t\t\t<span class=\"elementor-button-content-wrapper\">\n\t\t\t\t\t\t\t\t\t<span class=\"elementor-button-text\">D\u00e9couvrez les lieux de nos \u00e9v\u00e9nements<\/span>\n\t\t\t\t\t<\/span>\n\t\t\t\t\t<\/a>\n\t\t\t\t<\/div>\n\t\t\t\t\t\t\t\t<\/div>\n\t\t\t\t<\/div>\n\t\t\t\t<\/div>\n\t\t<div class=\"elementor-element elementor-element-133ec6d e-con-full e-flex e-con e-child\" data-id=\"133ec6d\" data-element_type=\"container\" data-e-type=\"container\" data-settings=\"{&quot;background_background&quot;:&quot;classic&quot;}\">\n\t\t\t\t<div class=\"elementor-element elementor-element-79c461b elementor-widget elementor-widget-heading\" data-id=\"79c461b\" data-element_type=\"widget\" data-e-type=\"widget\" data-widget_type=\"heading.default\">\n\t\t\t\t<div class=\"elementor-widget-container\">\n\t\t\t\t\t<h2 class=\"elementor-heading-title elementor-size-default\">Nos partenariats<\/h2>\t\t\t\t<\/div>\n\t\t\t\t<\/div>\n\t\t\t\t<div class=\"elementor-element elementor-element-587bc26 gallery-spacing-custom elementor-widget elementor-widget-image-gallery\" data-id=\"587bc26\" data-element_type=\"widget\" data-e-type=\"widget\" data-widget_type=\"image-gallery.default\">\n\t\t\t\t<div class=\"elementor-widget-container\">\n\t\t\t\t\t\t\t<div class=\"elementor-image-gallery\">\n\t\t\t<div id='gallery-1' class='gallery galleryid-3221 gallery-columns-4 gallery-size-medium'><figure class='gallery-item'>\n\t\t\t<div class='gallery-icon landscape'>\n\t\t\t\t<img decoding=\"async\" width=\"200\" height=\"120\" src=\"https:\/\/experiences.golazo.com\/wp-content\/uploads\/sites\/12\/2025\/04\/logo-aa-drink-1.png\" class=\"attachment-medium size-medium\" alt=\"\" \/>\n\t\t\t<\/div><\/figure><figure class='gallery-item'>\n\t\t\t<div class='gallery-icon landscape'>\n\t\t\t\t<img decoding=\"async\" width=\"200\" height=\"120\" src=\"https:\/\/experiences.golazo.com\/wp-content\/uploads\/sites\/12\/2025\/04\/logo-allianz-1.png\" class=\"attachment-medium size-medium\" alt=\"\" \/>\n\t\t\t<\/div><\/figure><figure class='gallery-item'>\n\t\t\t<div class='gallery-icon landscape'>\n\t\t\t\t<img decoding=\"async\" width=\"200\" height=\"120\" src=\"https:\/\/experiences.golazo.com\/wp-content\/uploads\/sites\/12\/2025\/04\/logo-audi.png\" class=\"attachment-medium size-medium\" alt=\"\" \/>\n\t\t\t<\/div><\/figure><figure class='gallery-item'>\n\t\t\t<div class='gallery-icon landscape'>\n\t\t\t\t<img loading=\"lazy\" decoding=\"async\" width=\"200\" height=\"120\" src=\"https:\/\/experiences.golazo.com\/wp-content\/uploads\/sites\/12\/2025\/04\/logo-boic.png\" class=\"attachment-medium size-medium\" alt=\"\" \/>\n\t\t\t<\/div><\/figure><figure class='gallery-item'>\n\t\t\t<div class='gallery-icon landscape'>\n\t\t\t\t<img loading=\"lazy\" decoding=\"async\" width=\"200\" height=\"120\" src=\"https:\/\/experiences.golazo.com\/wp-content\/uploads\/sites\/12\/2025\/04\/logo-brussels-airport.png\" class=\"attachment-medium size-medium\" alt=\"\" \/>\n\t\t\t<\/div><\/figure><figure class='gallery-item'>\n\t\t\t<div class='gallery-icon landscape'>\n\t\t\t\t<img loading=\"lazy\" decoding=\"async\" width=\"200\" height=\"120\" src=\"https:\/\/experiences.golazo.com\/wp-content\/uploads\/sites\/12\/2025\/04\/logo-coca-cola.png\" class=\"attachment-medium size-medium\" alt=\"\" \/>\n\t\t\t<\/div><\/figure><figure class='gallery-item'>\n\t\t\t<div class='gallery-icon landscape'>\n\t\t\t\t<img loading=\"lazy\" decoding=\"async\" width=\"200\" height=\"120\" src=\"https:\/\/experiences.golazo.com\/wp-content\/uploads\/sites\/12\/2025\/04\/logo-continental.png\" class=\"attachment-medium size-medium\" alt=\"\" \/>\n\t\t\t<\/div><\/figure><figure class='gallery-item'>\n\t\t\t<div class='gallery-icon landscape'>\n\t\t\t\t<img loading=\"lazy\" decoding=\"async\" width=\"200\" height=\"120\" src=\"https:\/\/experiences.golazo.com\/wp-content\/uploads\/sites\/12\/2025\/04\/logo-dazn-1.png\" class=\"attachment-medium size-medium\" alt=\"\" \/>\n\t\t\t<\/div><\/figure>\n\t\t<\/div>\n\t\t<\/div>\n\t\t\t\t\t\t<\/div>\n\t\t\t\t<\/div>\n\t\t\t\t<div class=\"elementor-element elementor-element-54f0224 elementor-widget elementor-widget-heading\" data-id=\"54f0224\" data-element_type=\"widget\" data-e-type=\"widget\" data-widget_type=\"heading.default\">\n\t\t\t\t<div class=\"elementor-widget-container\">\n\t\t\t\t\t<h2 class=\"elementor-heading-title elementor-size-default\">Nos clients<\/h2>\t\t\t\t<\/div>\n\t\t\t\t<\/div>\n\t\t\t\t<div class=\"elementor-element elementor-element-3044565 elementor-arrows-position-outside elementor-pagination-position-outside elementor-widget elementor-widget-image-carousel\" data-id=\"3044565\" data-element_type=\"widget\" data-e-type=\"widget\" data-settings=\"{&quot;slides_to_show&quot;:&quot;6&quot;,&quot;navigation&quot;:&quot;both&quot;,&quot;autoplay&quot;:&quot;yes&quot;,&quot;autoplay_speed&quot;:5000,&quot;infinite&quot;:&quot;yes&quot;,&quot;speed&quot;:500,&quot;image_spacing_custom&quot;:{&quot;unit&quot;:&quot;px&quot;,&quot;size&quot;:20,&quot;sizes&quot;:[]},&quot;image_spacing_custom_tablet&quot;:{&quot;unit&quot;:&quot;px&quot;,&quot;size&quot;:&quot;&quot;,&quot;sizes&quot;:[]},&quot;image_spacing_custom_mobile&quot;:{&quot;unit&quot;:&quot;px&quot;,&quot;size&quot;:&quot;&quot;,&quot;sizes&quot;:[]}}\" data-widget_type=\"image-carousel.default\">\n\t\t\t\t<div class=\"elementor-widget-container\">\n\t\t\t\t\t\t\t<div class=\"elementor-image-carousel-wrapper swiper\" role=\"region\" aria-roledescription=\"carousel\" aria-label=\"Image Carousel\" dir=\"ltr\">\n\t\t\t<div class=\"elementor-image-carousel swiper-wrapper\" aria-live=\"off\">\n\t\t\t\t\t\t\t\t<div class=\"swiper-slide\" role=\"group\" aria-roledescription=\"slide\" aria-label=\"1 sur 12\"><figure class=\"swiper-slide-inner\"><img decoding=\"async\" class=\"swiper-slide-image\" src=\"https:\/\/experiences.golazo.com\/wp-content\/uploads\/sites\/12\/2025\/04\/logo-deloitte.png\" alt=\"logo-deloitte.png\" \/><\/figure><\/div><div class=\"swiper-slide\" role=\"group\" aria-roledescription=\"slide\" aria-label=\"2 sur 12\"><figure class=\"swiper-slide-inner\"><img decoding=\"async\" class=\"swiper-slide-image\" src=\"https:\/\/experiences.golazo.com\/wp-content\/uploads\/sites\/12\/2025\/04\/logo-ag-insurance.png\" alt=\"logo-ag-insurance.png\" \/><\/figure><\/div><div class=\"swiper-slide\" role=\"group\" aria-roledescription=\"slide\" aria-label=\"3 sur 12\"><figure class=\"swiper-slide-inner\"><img decoding=\"async\" class=\"swiper-slide-image\" src=\"https:\/\/experiences.golazo.com\/wp-content\/uploads\/sites\/12\/2025\/04\/logo-royal-belgian-fa.png\" alt=\"logo-royal-belgian-fa.png\" \/><\/figure><\/div><div class=\"swiper-slide\" role=\"group\" aria-roledescription=\"slide\" aria-label=\"4 sur 12\"><figure class=\"swiper-slide-inner\"><img decoding=\"async\" class=\"swiper-slide-image\" src=\"https:\/\/experiences.golazo.com\/wp-content\/uploads\/sites\/12\/2025\/04\/logo-porsche.png\" alt=\"logo-porsche.png\" \/><\/figure><\/div><div class=\"swiper-slide\" role=\"group\" aria-roledescription=\"slide\" aria-label=\"5 sur 12\"><figure class=\"swiper-slide-inner\"><img decoding=\"async\" class=\"swiper-slide-image\" src=\"https:\/\/experiences.golazo.com\/wp-content\/uploads\/sites\/12\/2025\/04\/logo-golden-palace.png\" alt=\"logo-golden-palace.png\" \/><\/figure><\/div><div class=\"swiper-slide\" role=\"group\" aria-roledescription=\"slide\" aria-label=\"6 sur 12\"><figure class=\"swiper-slide-inner\"><img decoding=\"async\" class=\"swiper-slide-image\" src=\"https:\/\/experiences.golazo.com\/wp-content\/uploads\/sites\/12\/2025\/04\/logo-hipro.png\" alt=\"logo-hipro.png\" \/><\/figure><\/div><div class=\"swiper-slide\" role=\"group\" aria-roledescription=\"slide\" aria-label=\"7 sur 12\"><figure class=\"swiper-slide-inner\"><img decoding=\"async\" class=\"swiper-slide-image\" src=\"https:\/\/experiences.golazo.com\/wp-content\/uploads\/sites\/12\/2025\/04\/logo-hockey.png\" alt=\"logo-hockey.png\" \/><\/figure><\/div><div class=\"swiper-slide\" role=\"group\" aria-roledescription=\"slide\" aria-label=\"8 sur 12\"><figure class=\"swiper-slide-inner\"><img decoding=\"async\" class=\"swiper-slide-image\" src=\"https:\/\/experiences.golazo.com\/wp-content\/uploads\/sites\/12\/2025\/04\/logo-lotto.png\" alt=\"logo-lotto.png\" \/><\/figure><\/div><div class=\"swiper-slide\" role=\"group\" aria-roledescription=\"slide\" aria-label=\"9 sur 12\"><figure class=\"swiper-slide-inner\"><img decoding=\"async\" class=\"swiper-slide-image\" src=\"https:\/\/experiences.golazo.com\/wp-content\/uploads\/sites\/12\/2025\/04\/logo-nike.png\" alt=\"logo-nike.png\" \/><\/figure><\/div><div class=\"swiper-slide\" role=\"group\" aria-roledescription=\"slide\" aria-label=\"10 sur 12\"><figure class=\"swiper-slide-inner\"><img decoding=\"async\" class=\"swiper-slide-image\" src=\"https:\/\/experiences.golazo.com\/wp-content\/uploads\/sites\/12\/2025\/04\/logo-garmin.png\" alt=\"logo-garmin.png\" \/><\/figure><\/div><div class=\"swiper-slide\" role=\"group\" aria-roledescription=\"slide\" aria-label=\"11 sur 12\"><figure class=\"swiper-slide-inner\"><img decoding=\"async\" class=\"swiper-slide-image\" src=\"https:\/\/experiences.golazo.com\/wp-content\/uploads\/sites\/12\/2025\/04\/logo-duvel.png\" alt=\"logo-duvel.png\" \/><\/figure><\/div><div class=\"swiper-slide\" role=\"group\" aria-roledescription=\"slide\" aria-label=\"12 sur 12\"><figure class=\"swiper-slide-inner\"><img decoding=\"async\" class=\"swiper-slide-image\" src=\"https:\/\/experiences.golazo.com\/wp-content\/uploads\/sites\/12\/2025\/04\/logo-deloitte.png\" alt=\"logo-deloitte.png\" \/><\/figure><\/div>\t\t\t<\/div>\n\t\t\t\t\t\t\t\t\t\t\t\t<div class=\"elementor-swiper-button elementor-swiper-button-prev\" role=\"button\" tabindex=\"0\">\n\t\t\t\t\t\t<svg aria-hidden=\"true\" class=\"e-font-icon-svg e-eicon-chevron-left\" viewBox=\"0 0 1000 1000\" xmlns=\"http:\/\/www.w3.org\/2000\/svg\"><path d=\"M646 125C629 125 613 133 604 142L308 442C296 454 292 471 292 487 292 504 296 521 308 533L604 854C617 867 629 875 646 875 663 875 679 871 692 858 704 846 713 829 713 812 713 796 708 779 692 767L438 487 692 225C700 217 708 204 708 187 708 171 704 154 692 142 675 129 663 125 646 125Z\"><\/path><\/svg>\t\t\t\t\t<\/div>\n\t\t\t\t\t<div class=\"elementor-swiper-button elementor-swiper-button-next\" role=\"button\" tabindex=\"0\">\n\t\t\t\t\t\t<svg aria-hidden=\"true\" class=\"e-font-icon-svg e-eicon-chevron-right\" viewBox=\"0 0 1000 1000\" xmlns=\"http:\/\/www.w3.org\/2000\/svg\"><path d=\"M696 533C708 521 713 504 713 487 713 471 708 454 696 446L400 146C388 133 375 125 354 125 338 125 325 129 313 142 300 154 292 171 292 187 292 204 296 221 308 233L563 492 304 771C292 783 288 800 288 817 288 833 296 850 308 863 321 871 338 875 354 875 371 875 388 867 400 854L696 533Z\"><\/path><\/svg>\t\t\t\t\t<\/div>\n\t\t\t\t\n\t\t\t\t\t\t\t\t\t<div class=\"swiper-pagination\"><\/div>\n\t\t\t\t\t\t\t\t\t<\/div>\n\t\t\t\t\t\t<\/div>\n\t\t\t\t<\/div>\n\t\t\t\t<\/div>\n\t\t\t\t\t<\/div>\n\t\t\t\t<\/div>\n\t\t\t\t<\/div>\n\t\t","protected":false},"excerpt":{"rendered":"<p>Nous sommes Golazo Experiences, anciennement Gracias. Vos clients et vos employ\u00e9s sont le capital humain de votre entreprise. La m\u00eame r\u00e8gle s&rsquo;applique dans les deux cas : faire preuve de gratitude et \u00e9tablir un lien personnel permet d&rsquo;accro\u00eetre la loyaut\u00e9 et l&rsquo;engagement. Gracias vous aide \u00e0 dire \u00ab\u00a0Merci\u00a0\u00bb de la mani\u00e8re la plus sp\u00e9ciale qui [&hellip;]<\/p>\n","protected":false},"author":2,"featured_media":0,"parent":0,"menu_order":0,"comment_status":"closed","ping_status":"closed","template":"","meta":{"_acf_changed":false,"footnotes":""},"class_list":["post-3221","page","type-page","status-publish","hentry"],"acf":[],"_links":{"self":[{"href":"https:\/\/experiences.golazo.com\/fr\/wp-json\/wp\/v2\/pages\/3221","targetHints":{"allow":["GET"]}}],"collection":[{"href":"https:\/\/experiences.golazo.com\/fr\/wp-json\/wp\/v2\/pages"}],"about":[{"href":"https:\/\/experiences.golazo.com\/fr\/wp-json\/wp\/v2\/types\/page"}],"author":[{"embeddable":true,"href":"https:\/\/experiences.golazo.com\/fr\/wp-json\/wp\/v2\/users\/2"}],"replies":[{"embeddable":true,"href":"https:\/\/experiences.golazo.com\/fr\/wp-json\/wp\/v2\/comments?post=3221"}],"version-history":[{"count":1,"href":"https:\/\/experiences.golazo.com\/fr\/wp-json\/wp\/v2\/pages\/3221\/revisions"}],"predecessor-version":[{"id":3222,"href":"https:\/\/experiences.golazo.com\/fr\/wp-json\/wp\/v2\/pages\/3221\/revisions\/3222"}],"wp:attachment":[{"href":"https:\/\/experiences.golazo.com\/fr\/wp-json\/wp\/v2\/media?parent=3221"}],"curies":[{"name":"wp","href":"https:\/\/api.w.org\/{rel}","templated":true}]}}