{"id":3219,"date":"2025-02-12T13:00:43","date_gmt":"2025-02-12T12:00:43","guid":{"rendered":"https:\/\/experiences.golazo.com\/experiences\/"},"modified":"2025-05-12T12:46:03","modified_gmt":"2025-05-12T10:46:03","slug":"experiences","status":"publish","type":"page","link":"https:\/\/experiences.golazo.com\/fr\/experiences\/","title":{"rendered":"Exp\u00e9riences"},"content":{"rendered":"\t\t<div data-elementor-type=\"wp-page\" data-elementor-id=\"3219\" class=\"elementor elementor-3219 elementor-107\" data-elementor-post-type=\"page\">\n\t\t\t\t<div class=\"elementor-element elementor-element-570464a e-flex e-con-boxed e-con e-parent\" data-id=\"570464a\" data-element_type=\"container\" data-e-type=\"container\" data-settings=\"{&quot;background_background&quot;:&quot;classic&quot;}\">\n\t\t\t\t\t<div class=\"e-con-inner\">\n\t\t\t\t<div class=\"elementor-element elementor-element-ce8dc6b elementor-widget elementor-widget-heading\" data-id=\"ce8dc6b\" data-element_type=\"widget\" data-e-type=\"widget\" data-widget_type=\"heading.default\">\n\t\t\t\t<div class=\"elementor-widget-container\">\n\t\t\t\t\t<h1 class=\"elementor-heading-title elementor-size-default\">Exp\u00e9riences<\/h1>\t\t\t\t<\/div>\n\t\t\t\t<\/div>\n\t\t\t\t\t<\/div>\n\t\t\t\t<\/div>\n\t\t<div class=\"elementor-element elementor-element-d0c5831 e-flex e-con-boxed e-con e-parent\" data-id=\"d0c5831\" data-element_type=\"container\" data-e-type=\"container\">\n\t\t\t\t\t<div class=\"e-con-inner\">\n\t\t\t\t<div class=\"elementor-element elementor-element-531c662 elementor-widget elementor-widget-text-editor\" data-id=\"531c662\" data-element_type=\"widget\" data-e-type=\"widget\" data-widget_type=\"text-editor.default\">\n\t\t\t\t<div class=\"elementor-widget-container\">\n\t\t\t\t\t\t\t\t\t<p>Nous sommes Golazo Experiences, anciennement Gracias. Vos clients et vos employ\u00e9s sont le capital humain de votre entreprise. <\/p><p>La m\u00eame r\u00e8gle s&rsquo;applique dans les deux cas : faire preuve de gratitude et \u00e9tablir un lien personnel permet d&rsquo;accro\u00eetre la loyaut\u00e9 et l&rsquo;engagement.<\/p>\t\t\t\t\t\t\t\t<\/div>\n\t\t\t\t<\/div>\n\t\t\t\t\t<\/div>\n\t\t\t\t<\/div>\n\t\t<div class=\"elementor-element elementor-element-b9b1bce e-con-full e-flex e-con e-parent\" data-id=\"b9b1bce\" data-element_type=\"container\" data-e-type=\"container\" data-settings=\"{&quot;background_background&quot;:&quot;classic&quot;}\">\n\t\t\t\t<div class=\"elementor-element elementor-element-c8c6820 elementor-cta--layout-image-left elementor-cta--mobile-layout-image-above elementor-cta--skin-classic elementor-animated-content elementor-bg-transform elementor-bg-transform-zoom-in elementor-invisible elementor-widget elementor-widget-call-to-action\" data-id=\"c8c6820\" data-element_type=\"widget\" data-e-type=\"widget\" data-settings=\"{&quot;_animation&quot;:&quot;fadeIn&quot;}\" data-widget_type=\"call-to-action.default\">\n\t\t\t\t<div class=\"elementor-widget-container\">\n\t\t\t\t\t\t\t<div class=\"elementor-cta\">\n\t\t\t\t\t<div class=\"elementor-cta__bg-wrapper\">\n\t\t\t\t<div class=\"elementor-cta__bg elementor-bg\" style=\"background-image: url(https:\/\/experiences.golazo.com\/wp-content\/uploads\/sites\/12\/2025\/04\/pladutse3-1024x683.jpg);\" role=\"img\" aria-label=\"pladutse3\"><\/div>\n\t\t\t\t<div class=\"elementor-cta__bg-overlay\"><\/div>\n\t\t\t<\/div>\n\t\t\t\t\t\t\t<div class=\"elementor-cta__content\">\n\t\t\t\t\n\t\t\t\t\t\t\t\t\t<h2 class=\"elementor-cta__title elementor-cta__content-item elementor-content-item\">\n\t\t\t\t\t\t\u00c9v\u00e9nements VIP\t\t\t\t\t<\/h2>\n\t\t\t\t\n\t\t\t\t\t\t\t\t\t<div class=\"elementor-cta__description elementor-cta__content-item elementor-content-item\">\n\t\t\t\t\t\tPladutse 3 est un endroit extraordinaire au c\u0153ur des Ardennes flamandes, connues comme un paradis pour les cyclistes. Dans la r\u00e9gion, vous traverserez des collines c\u00e9l\u00e8bres qui ont conquis le c\u0153ur des cyclistes et des amateurs de cyclisme du monde entier. Il suffit de penser aux c\u00e9l\u00e8bres et redout\u00e9s Koppenberg et Paterberg.  \n\t\t\t\t\t<\/div>\n\t\t\t\t\n\t\t\t\t\t\t\t\t\t<div class=\"elementor-cta__button-wrapper elementor-cta__content-item elementor-content-item \">\n\t\t\t\t\t<a class=\"elementor-cta__button elementor-button elementor-size-\" href=\"https:\/\/experiences.golazo.com\/#kalender\">\n\t\t\t\t\t\tPlus d'informations\t\t\t\t\t<\/a>\n\t\t\t\t\t<\/div>\n\t\t\t\t\t\t\t<\/div>\n\t\t\t\t\t\t<\/div>\n\t\t\t\t\t\t<\/div>\n\t\t\t\t<\/div>\n\t\t\t\t<div class=\"elementor-element elementor-element-d3f1eb4 elementor-cta--layout-image-right elementor-cta--mobile-layout-image-above elementor-cta--skin-classic elementor-animated-content elementor-bg-transform elementor-bg-transform-zoom-in elementor-invisible elementor-widget elementor-widget-call-to-action\" data-id=\"d3f1eb4\" data-element_type=\"widget\" data-e-type=\"widget\" data-settings=\"{&quot;_animation&quot;:&quot;fadeIn&quot;}\" data-widget_type=\"call-to-action.default\">\n\t\t\t\t<div class=\"elementor-widget-container\">\n\t\t\t\t\t\t\t<div class=\"elementor-cta\">\n\t\t\t\t\t<div class=\"elementor-cta__bg-wrapper\">\n\t\t\t\t<div class=\"elementor-cta__bg elementor-bg\" style=\"background-image: url(https:\/\/experiences.golazo.com\/wp-content\/uploads\/sites\/12\/2025\/04\/pladutse3-1024x683.jpg);\" role=\"img\" aria-label=\"pladutse3\"><\/div>\n\t\t\t\t<div class=\"elementor-cta__bg-overlay\"><\/div>\n\t\t\t<\/div>\n\t\t\t\t\t\t\t<div class=\"elementor-cta__content\">\n\t\t\t\t\n\t\t\t\t\t\t\t\t\t<h2 class=\"elementor-cta__title elementor-cta__content-item elementor-content-item\">\n\t\t\t\t\t\tSports et voyages\t\t\t\t\t<\/h2>\n\t\t\t\t\n\t\t\t\t\t\t\t\t\t<div class=\"elementor-cta__description elementor-cta__content-item elementor-content-item\">\n\t\t\t\t\t\tEn tant qu'organisateur d'\u00e9v\u00e9nements ou en tant que particulier, d\u00e9couvrez les nombreuses possibilit\u00e9s qu'offre le Domaine De Vijvers pour organiser un \u00e9v\u00e9nement de caract\u00e8re en plein air. Le domaine est nich\u00e9 dans un paysage \u00e9poustouflant compos\u00e9 de vastes \u00e9tendues d'eau et de for\u00eats vierges. Invitez vos h\u00f4tes \u00e0 vivre un moment inoubliable, o\u00f9 l'exp\u00e9rience en plein air est centrale et o\u00f9 le contact avec la nature n'est jamais loin.    \t\t\t\t\t<\/div>\n\t\t\t\t\n\t\t\t\t\t\t\t\t\t<div class=\"elementor-cta__button-wrapper elementor-cta__content-item elementor-content-item \">\n\t\t\t\t\t<a class=\"elementor-cta__button elementor-button elementor-size-\" href=\"https:\/\/experiences.golazo.com\/experiences\/sports-travel\/\">\n\t\t\t\t\t\tPlus d'informations\t\t\t\t\t<\/a>\n\t\t\t\t\t<\/div>\n\t\t\t\t\t\t\t<\/div>\n\t\t\t\t\t\t<\/div>\n\t\t\t\t\t\t<\/div>\n\t\t\t\t<\/div>\n\t\t\t\t<div class=\"elementor-element elementor-element-4a73a6a elementor-cta--layout-image-left elementor-cta--mobile-layout-image-above elementor-cta--skin-classic elementor-animated-content elementor-bg-transform elementor-bg-transform-zoom-in elementor-invisible elementor-widget elementor-widget-call-to-action\" data-id=\"4a73a6a\" data-element_type=\"widget\" data-e-type=\"widget\" data-settings=\"{&quot;_animation&quot;:&quot;fadeIn&quot;}\" data-widget_type=\"call-to-action.default\">\n\t\t\t\t<div class=\"elementor-widget-container\">\n\t\t\t\t\t\t\t<div class=\"elementor-cta\">\n\t\t\t\t\t<div class=\"elementor-cta__bg-wrapper\">\n\t\t\t\t<div class=\"elementor-cta__bg elementor-bg\" style=\"background-image: url(https:\/\/experiences.golazo.com\/wp-content\/uploads\/sites\/12\/2025\/04\/pladutse3-1024x683.jpg);\" role=\"img\" aria-label=\"pladutse3\"><\/div>\n\t\t\t\t<div class=\"elementor-cta__bg-overlay\"><\/div>\n\t\t\t<\/div>\n\t\t\t\t\t\t\t<div class=\"elementor-cta__content\">\n\t\t\t\t\n\t\t\t\t\t\t\t\t\t<h2 class=\"elementor-cta__title elementor-cta__content-item elementor-content-item\">\n\t\t\t\t\t\tConcepts priv\u00e9s\t\t\t\t\t<\/h2>\n\t\t\t\t\n\t\t\t\t\t\t\t\t\t<div class=\"elementor-cta__description elementor-cta__content-item elementor-content-item\">\n\t\t\t\t\t\tLorem ipsum dolor sit amet, consectetur adipiscing elit. Vestibulum suscipit metus sit amet metus aliquam porttitor. Sed at ultricies dolor. Nam efficitur fringilla libero convallis varius. Praesent in felis dictum, aliquam purus a, vulputate diam. Aenean eu auctor risus. Mauris eros erat, placerat eleifend turpis eu, facilisis scelerisque mauris.      \t\t\t\t\t<\/div>\n\t\t\t\t\n\t\t\t\t\t\t\t\t\t<div class=\"elementor-cta__button-wrapper elementor-cta__content-item elementor-content-item \">\n\t\t\t\t\t<a class=\"elementor-cta__button elementor-button elementor-size-\" href=\"https:\/\/experiences.golazo.com\/experiences\/private-concepts\/\">\n\t\t\t\t\t\tPlus d'informations\t\t\t\t\t<\/a>\n\t\t\t\t\t<\/div>\n\t\t\t\t\t\t\t<\/div>\n\t\t\t\t\t\t<\/div>\n\t\t\t\t\t\t<\/div>\n\t\t\t\t<\/div>\n\t\t\t\t<div class=\"elementor-element elementor-element-dd43e0e elementor-cta--layout-image-right elementor-cta--mobile-layout-image-above elementor-cta--skin-classic elementor-animated-content elementor-bg-transform elementor-bg-transform-zoom-in elementor-invisible elementor-widget elementor-widget-call-to-action\" data-id=\"dd43e0e\" data-element_type=\"widget\" data-e-type=\"widget\" data-settings=\"{&quot;_animation&quot;:&quot;fadeIn&quot;}\" data-widget_type=\"call-to-action.default\">\n\t\t\t\t<div class=\"elementor-widget-container\">\n\t\t\t\t\t\t\t<div class=\"elementor-cta\">\n\t\t\t\t\t<div class=\"elementor-cta__bg-wrapper\">\n\t\t\t\t<div class=\"elementor-cta__bg elementor-bg\" style=\"background-image: url(https:\/\/experiences.golazo.com\/wp-content\/uploads\/sites\/12\/2025\/04\/pladutse3-1024x683.jpg);\" role=\"img\" aria-label=\"pladutse3\"><\/div>\n\t\t\t\t<div class=\"elementor-cta__bg-overlay\"><\/div>\n\t\t\t<\/div>\n\t\t\t\t\t\t\t<div class=\"elementor-cta__content\">\n\t\t\t\t\n\t\t\t\t\t\t\t\t\t<h2 class=\"elementor-cta__title elementor-cta__content-item elementor-content-item\">\n\t\t\t\t\t\tIncentives et \u00e9v\u00e9nements d'entreprise\t\t\t\t\t<\/h2>\n\t\t\t\t\n\t\t\t\t\t\t\t\t\t<div class=\"elementor-cta__description elementor-cta__content-item elementor-content-item\">\n\t\t\t\t\t\tEn tant qu'organisateur d'\u00e9v\u00e9nements ou en tant que particulier, d\u00e9couvrez les nombreuses possibilit\u00e9s qu'offre le Domaine De Vijvers pour organiser un \u00e9v\u00e9nement de caract\u00e8re en plein air. Le domaine est nich\u00e9 dans un paysage \u00e9poustouflant compos\u00e9 de vastes \u00e9tendues d'eau et de for\u00eats vierges. Invitez vos h\u00f4tes \u00e0 vivre un moment inoubliable, o\u00f9 l'exp\u00e9rience en plein air est centrale et o\u00f9 le contact avec la nature n'est jamais loin.    \t\t\t\t\t<\/div>\n\t\t\t\t\n\t\t\t\t\t\t\t\t\t<div class=\"elementor-cta__button-wrapper elementor-cta__content-item elementor-content-item \">\n\t\t\t\t\t<a class=\"elementor-cta__button elementor-button elementor-size-\" href=\"https:\/\/experiences.golazo.com\/experiences\/incentives-corporate-events\/\">\n\t\t\t\t\t\tPlus d'informations\t\t\t\t\t<\/a>\n\t\t\t\t\t<\/div>\n\t\t\t\t\t\t\t<\/div>\n\t\t\t\t\t\t<\/div>\n\t\t\t\t\t\t<\/div>\n\t\t\t\t<\/div>\n\t\t\t\t<\/div>\n\t\t\t\t<\/div>\n\t\t","protected":false},"excerpt":{"rendered":"<p>Nous sommes Golazo Experiences, anciennement Gracias. Vos clients et vos employ\u00e9s sont le capital humain de votre entreprise. La m\u00eame r\u00e8gle s&rsquo;applique dans les deux cas : faire preuve de gratitude et \u00e9tablir un lien personnel permet d&rsquo;accro\u00eetre la loyaut\u00e9 et l&rsquo;engagement. \u00c9v\u00e9nements VIP Pladutse 3 est un endroit extraordinaire au c\u0153ur des Ardennes flamandes, [&hellip;]<\/p>\n","protected":false},"author":2,"featured_media":0,"parent":0,"menu_order":0,"comment_status":"closed","ping_status":"closed","template":"","meta":{"_acf_changed":false,"footnotes":""},"class_list":["post-3219","page","type-page","status-publish","hentry"],"acf":[],"_links":{"self":[{"href":"https:\/\/experiences.golazo.com\/fr\/wp-json\/wp\/v2\/pages\/3219","targetHints":{"allow":["GET"]}}],"collection":[{"href":"https:\/\/experiences.golazo.com\/fr\/wp-json\/wp\/v2\/pages"}],"about":[{"href":"https:\/\/experiences.golazo.com\/fr\/wp-json\/wp\/v2\/types\/page"}],"author":[{"embeddable":true,"href":"https:\/\/experiences.golazo.com\/fr\/wp-json\/wp\/v2\/users\/2"}],"replies":[{"embeddable":true,"href":"https:\/\/experiences.golazo.com\/fr\/wp-json\/wp\/v2\/comments?post=3219"}],"version-history":[{"count":2,"href":"https:\/\/experiences.golazo.com\/fr\/wp-json\/wp\/v2\/pages\/3219\/revisions"}],"predecessor-version":[{"id":3544,"href":"https:\/\/experiences.golazo.com\/fr\/wp-json\/wp\/v2\/pages\/3219\/revisions\/3544"}],"wp:attachment":[{"href":"https:\/\/experiences.golazo.com\/fr\/wp-json\/wp\/v2\/media?parent=3219"}],"curies":[{"name":"wp","href":"https:\/\/api.w.org\/{rel}","templated":true}]}}